{"id":345,"date":"2023-07-19T23:11:46","date_gmt":"2023-07-19T21:11:46","guid":{"rendered":"https:\/\/ensirode.fr\/?page_id=345"},"modified":"2024-05-29T14:05:05","modified_gmt":"2024-05-29T12:05:05","slug":"caracteristiques","status":"publish","type":"page","link":"https:\/\/ensirode.fr\/index.php\/caracteristiques\/","title":{"rendered":"La machine"},"content":{"rendered":"\t\t<div data-elementor-type=\"wp-page\" data-elementor-id=\"345\" class=\"elementor elementor-345\" data-elementor-post-type=\"page\">\n\t\t\t\t\t\t<section class=\"elementor-section elementor-top-section elementor-element elementor-element-086500a elementor-section-boxed elementor-section-height-default elementor-section-height-default\" data-id=\"086500a\" data-element_type=\"section\" data-e-type=\"section\">\n\t\t\t\t\t\t<div class=\"elementor-container elementor-column-gap-default\">\n\t\t\t\t\t<div class=\"elementor-column elementor-col-100 elementor-top-column elementor-element elementor-element-db94bb4\" data-id=\"db94bb4\" data-element_type=\"column\" data-e-type=\"column\">\n\t\t\t<div class=\"elementor-widget-wrap elementor-element-populated\">\n\t\t\t\t\t\t<div class=\"elementor-element elementor-element-5f13716 elementor-widget elementor-widget-image\" data-id=\"5f13716\" data-element_type=\"widget\" data-e-type=\"widget\" data-widget_type=\"image.default\">\n\t\t\t\t<div class=\"elementor-widget-container\">\n\t\t\t\t\t\t\t\t\t\t\t\t\t\t\t<img fetchpriority=\"high\" decoding=\"async\" width=\"1000\" height=\"750\" src=\"https:\/\/ensirode.fr\/wp-content\/uploads\/2024\/05\/IMG-Ensirode-1.jpg\" class=\"attachment-large size-large wp-image-616\" alt=\"\" srcset=\"https:\/\/ensirode.fr\/wp-content\/uploads\/2024\/05\/IMG-Ensirode-1.jpg 1000w, https:\/\/ensirode.fr\/wp-content\/uploads\/2024\/05\/IMG-Ensirode-1-300x225.jpg 300w, https:\/\/ensirode.fr\/wp-content\/uploads\/2024\/05\/IMG-Ensirode-1-768x576.jpg 768w\" sizes=\"(max-width: 1000px) 100vw, 1000px\" \/>\t\t\t\t\t\t\t\t\t\t\t\t\t\t\t<\/div>\n\t\t\t\t<\/div>\n\t\t\t\t\t<\/div>\n\t\t<\/div>\n\t\t\t\t\t<\/div>\n\t\t<\/section>\n\t\t\t\t<section class=\"elementor-section elementor-top-section elementor-element elementor-element-0ed7e65 elementor-section-boxed elementor-section-height-default elementor-section-height-default\" data-id=\"0ed7e65\" data-element_type=\"section\" data-e-type=\"section\">\n\t\t\t\t\t\t<div class=\"elementor-container elementor-column-gap-default\">\n\t\t\t\t\t<div class=\"elementor-column elementor-col-100 elementor-top-column elementor-element elementor-element-f3a7558\" data-id=\"f3a7558\" data-element_type=\"column\" data-e-type=\"column\">\n\t\t\t<div class=\"elementor-widget-wrap elementor-element-populated\">\n\t\t\t\t\t\t<div class=\"elementor-element elementor-element-3259780 elementor-widget__width-initial elementor-widget elementor-widget-text-editor\" data-id=\"3259780\" data-element_type=\"widget\" data-e-type=\"widget\" data-widget_type=\"text-editor.default\">\n\t\t\t\t<div class=\"elementor-widget-container\">\n\t\t\t\t\t\t\t\t\t<p>L\u2019ENSIRODE est compos\u00e9 de 2 unit\u00e9s, appel\u00e9 \u00ab\u00a0Unit\u00e9 de soufflage\u00a0\u00bb pour la premi\u00e8re et \u00ab\u00a0Unit\u00e9 d\u2019aspiration\u00a0\u00bb pour la seconde. Les unit\u00e9s sont\u00a0 ind\u00e9pendantes, elles disposent chacune de leur propre \u00a0panneau de contr\u00f4le et groupe d\u2019alimentation 24v.<\/p><p>Le principe d\u2019utilisation de l\u2019Ensirode est relativement simple. Il suffit de faire circuler les 2 unit\u00e9s de part et d\u2019autre du rang de culture \u00e0 traiter. Pour cela, elles seront pos\u00e9es chacune sur\u00a0 un de vos chariot de travail (par exemple type\u00a0 Benomic chez Royal Brinkman ou Qii-Lift chez Bogaerts).<\/p><p>Apr\u00e8s avoir d\u00e9termin\u00e9 la hauteur souhait\u00e9e du traitement\u00a0 sur les plants(en g\u00e9n\u00e9ral hauteur Apex et 7ou 8 derni\u00e8res feuilles), l\u2019avancement des chariots ce fait de mani\u00e8re coordonn\u00e9 afin\u00a0 que l\u2019unit\u00e9 de soufflage puisse d\u00e9crocher et envoyer les agresseurs vers l\u2019unit\u00e9 d\u2019aspiration qui va les stocker dans un sac. A la fin du traitement, le sac sera plac\u00e9 de pr\u00e9f\u00e9rence au cong\u00e9lateur pour tuer les agresseurs encore vivants.<\/p><p>Le dernier prototype de l\u2019unit\u00e9 de soufflage permet de faire varier la vitesse de\u00a0 soufflage de 10 \u00e0 85 km\/h environ. La vitesse de soufflage est d\u00e9terminante en fonction du type de traitement souhait\u00e9 (description en page In situ).<\/p><p>Le dernier prototype de l\u2019unit\u00e9 d\u2019aspiration dispose d\u2019un filtre permettant de faire le tri entre Macrolophus et Aleurodes. Bien entendu, un certain nombre de chaque sont tu\u00e9s par les p\u00e2les des ventilateurs. Le filtre est compos\u00e9 d\u2019une toile calibr\u00e9e ; lors du traitement\u00a0 des plants, il laisse passer les Aleurodes mais retient les Macrolophus. En fin de traitement, ils peuvent \u00eatre rel\u00e2ch\u00e9s dans la serre.\u00a0 Attention le filtre ne peut pas diff\u00e9rencier le Macrolophus du Cyrtopeltis. Proc\u00e9d\u00e9 non test\u00e9 \u00e0 ce jour.<\/p>\t\t\t\t\t\t\t\t<\/div>\n\t\t\t\t<\/div>\n\t\t\t\t\t<\/div>\n\t\t<\/div>\n\t\t\t\t\t<\/div>\n\t\t<\/section>\n\t\t\t\t<\/div>\n\t\t","protected":false},"excerpt":{"rendered":"<p>L\u2019ENSIRODE est compos\u00e9 de 2 unit\u00e9s, appel\u00e9 \u00ab\u00a0Unit\u00e9 de soufflage\u00a0\u00bb pour la premi\u00e8re et \u00ab\u00a0Unit\u00e9 d\u2019aspiration\u00a0\u00bb pour la seconde. Les unit\u00e9s sont\u00a0 ind\u00e9pendantes, elles disposent chacune de leur propre \u00a0panneau de contr\u00f4le et groupe d\u2019alimentation 24v. Le principe d\u2019utilisation de l\u2019Ensirode est relativement simple. Il suffit de faire circuler les 2 unit\u00e9s de part et &hellip;<\/p>\n<p class=\"read-more\"> <a class=\"\" href=\"https:\/\/ensirode.fr\/index.php\/caracteristiques\/\"> <span class=\"screen-reader-text\">La machine<\/span> Lire la suite\u00a0\u00bb<\/a><\/p>\n","protected":false},"author":1,"featured_media":0,"parent":0,"menu_order":0,"comment_status":"closed","ping_status":"closed","template":"","meta":{"site-sidebar-layout":"no-sidebar","site-content-layout":"page-builder","ast-global-header-display":"","ast-banner-title-visibility":"","ast-main-header-display":"","ast-hfb-above-header-display":"","ast-hfb-below-header-display":"","ast-hfb-mobile-header-display":"","site-post-title":"disabled","ast-breadcrumbs-content":"","ast-featured-img":"disabled","footer-sml-layout":"","theme-transparent-header-meta":"","adv-header-id-meta":"","stick-header-meta":"","header-above-stick-meta":"","header-main-stick-meta":"","header-below-stick-meta":"","footnotes":""},"class_list":["post-345","page","type-page","status-publish","hentry"],"yoast_head":"<!-- This site is optimized with the Yoast SEO plugin v22.8 - https:\/\/yoast.com\/wordpress\/plugins\/seo\/ -->\n<title>La machine - ENSIRODE<\/title>\n<meta name=\"robots\" content=\"index, follow, max-snippet:-1, max-image-preview:large, max-video-preview:-1\" \/>\n<link rel=\"canonical\" href=\"https:\/\/ensirode.fr\/index.php\/caracteristiques\/\" \/>\n<meta property=\"og:locale\" content=\"fr_FR\" \/>\n<meta property=\"og:type\" content=\"article\" \/>\n<meta property=\"og:title\" content=\"La machine - ENSIRODE\" \/>\n<meta property=\"og:description\" content=\"L\u2019ENSIRODE est compos\u00e9 de 2 unit\u00e9s, appel\u00e9 \u00ab\u00a0Unit\u00e9 de soufflage\u00a0\u00bb pour la premi\u00e8re et \u00ab\u00a0Unit\u00e9 d\u2019aspiration\u00a0\u00bb pour la seconde. Les unit\u00e9s sont\u00a0 ind\u00e9pendantes, elles disposent chacune de leur propre \u00a0panneau de contr\u00f4le et groupe d\u2019alimentation 24v. Le principe d\u2019utilisation de l\u2019Ensirode est relativement simple. Il suffit de faire circuler les 2 unit\u00e9s de part et &hellip; La machine Lire la suite\u00a0\u00bb\" \/>\n<meta property=\"og:url\" content=\"https:\/\/ensirode.fr\/index.php\/caracteristiques\/\" \/>\n<meta property=\"og:site_name\" content=\"ENSIRODE\" \/>\n<meta property=\"article:modified_time\" content=\"2024-05-29T12:05:05+00:00\" \/>\n<meta property=\"og:image\" content=\"https:\/\/ensirode.fr\/wp-content\/uploads\/2024\/05\/IMG-Ensirode.jpg\" \/>\n<meta name=\"twitter:card\" content=\"summary_large_image\" \/>\n<meta name=\"twitter:label1\" content=\"Dur\u00e9e de lecture estim\u00e9e\" \/>\n\t<meta name=\"twitter:data1\" content=\"2 minutes\" \/>\n<script type=\"application\/ld+json\" class=\"yoast-schema-graph\">{\"@context\":\"https:\/\/schema.org\",\"@graph\":[{\"@type\":\"WebPage\",\"@id\":\"https:\/\/ensirode.fr\/index.php\/caracteristiques\/\",\"url\":\"https:\/\/ensirode.fr\/index.php\/caracteristiques\/\",\"name\":\"La machine - ENSIRODE\",\"isPartOf\":{\"@id\":\"https:\/\/ensirode.fr\/#website\"},\"primaryImageOfPage\":{\"@id\":\"https:\/\/ensirode.fr\/index.php\/caracteristiques\/#primaryimage\"},\"image\":{\"@id\":\"https:\/\/ensirode.fr\/index.php\/caracteristiques\/#primaryimage\"},\"thumbnailUrl\":\"https:\/\/ensirode.fr\/wp-content\/uploads\/2024\/05\/IMG-Ensirode-1.jpg\",\"datePublished\":\"2023-07-19T21:11:46+00:00\",\"dateModified\":\"2024-05-29T12:05:05+00:00\",\"breadcrumb\":{\"@id\":\"https:\/\/ensirode.fr\/index.php\/caracteristiques\/#breadcrumb\"},\"inLanguage\":\"fr-FR\",\"potentialAction\":[{\"@type\":\"ReadAction\",\"target\":[\"https:\/\/ensirode.fr\/index.php\/caracteristiques\/\"]}]},{\"@type\":\"ImageObject\",\"inLanguage\":\"fr-FR\",\"@id\":\"https:\/\/ensirode.fr\/index.php\/caracteristiques\/#primaryimage\",\"url\":\"https:\/\/ensirode.fr\/wp-content\/uploads\/2024\/05\/IMG-Ensirode-1.jpg\",\"contentUrl\":\"https:\/\/ensirode.fr\/wp-content\/uploads\/2024\/05\/IMG-Ensirode-1.jpg\",\"width\":1000,\"height\":750},{\"@type\":\"BreadcrumbList\",\"@id\":\"https:\/\/ensirode.fr\/index.php\/caracteristiques\/#breadcrumb\",\"itemListElement\":[{\"@type\":\"ListItem\",\"position\":1,\"name\":\"Accueil\",\"item\":\"https:\/\/ensirode.fr\/\"},{\"@type\":\"ListItem\",\"position\":2,\"name\":\"Caract\u00e9ristiques Techniques\"}]},{\"@type\":\"WebSite\",\"@id\":\"https:\/\/ensirode.fr\/#website\",\"url\":\"https:\/\/ensirode.fr\/\",\"name\":\"ENSIRODE\",\"description\":\"Pour la protection des cultures sous serres chauff\u00e9es\",\"potentialAction\":[{\"@type\":\"SearchAction\",\"target\":{\"@type\":\"EntryPoint\",\"urlTemplate\":\"https:\/\/ensirode.fr\/?s={search_term_string}\"},\"query-input\":\"required name=search_term_string\"}],\"inLanguage\":\"fr-FR\"}]}<\/script>\n<!-- \/ Yoast SEO plugin. -->","yoast_head_json":{"title":"La machine - ENSIRODE","robots":{"index":"index","follow":"follow","max-snippet":"max-snippet:-1","max-image-preview":"max-image-preview:large","max-video-preview":"max-video-preview:-1"},"canonical":"https:\/\/ensirode.fr\/index.php\/caracteristiques\/","og_locale":"fr_FR","og_type":"article","og_title":"La machine - ENSIRODE","og_description":"L\u2019ENSIRODE est compos\u00e9 de 2 unit\u00e9s, appel\u00e9 \u00ab\u00a0Unit\u00e9 de soufflage\u00a0\u00bb pour la premi\u00e8re et \u00ab\u00a0Unit\u00e9 d\u2019aspiration\u00a0\u00bb pour la seconde. Les unit\u00e9s sont\u00a0 ind\u00e9pendantes, elles disposent chacune de leur propre \u00a0panneau de contr\u00f4le et groupe d\u2019alimentation 24v. Le principe d\u2019utilisation de l\u2019Ensirode est relativement simple. Il suffit de faire circuler les 2 unit\u00e9s de part et &hellip; La machine Lire la suite\u00a0\u00bb","og_url":"https:\/\/ensirode.fr\/index.php\/caracteristiques\/","og_site_name":"ENSIRODE","article_modified_time":"2024-05-29T12:05:05+00:00","og_image":[{"url":"https:\/\/ensirode.fr\/wp-content\/uploads\/2024\/05\/IMG-Ensirode.jpg"}],"twitter_card":"summary_large_image","twitter_misc":{"Dur\u00e9e de lecture estim\u00e9e":"2 minutes"},"schema":{"@context":"https:\/\/schema.org","@graph":[{"@type":"WebPage","@id":"https:\/\/ensirode.fr\/index.php\/caracteristiques\/","url":"https:\/\/ensirode.fr\/index.php\/caracteristiques\/","name":"La machine - ENSIRODE","isPartOf":{"@id":"https:\/\/ensirode.fr\/#website"},"primaryImageOfPage":{"@id":"https:\/\/ensirode.fr\/index.php\/caracteristiques\/#primaryimage"},"image":{"@id":"https:\/\/ensirode.fr\/index.php\/caracteristiques\/#primaryimage"},"thumbnailUrl":"https:\/\/ensirode.fr\/wp-content\/uploads\/2024\/05\/IMG-Ensirode-1.jpg","datePublished":"2023-07-19T21:11:46+00:00","dateModified":"2024-05-29T12:05:05+00:00","breadcrumb":{"@id":"https:\/\/ensirode.fr\/index.php\/caracteristiques\/#breadcrumb"},"inLanguage":"fr-FR","potentialAction":[{"@type":"ReadAction","target":["https:\/\/ensirode.fr\/index.php\/caracteristiques\/"]}]},{"@type":"ImageObject","inLanguage":"fr-FR","@id":"https:\/\/ensirode.fr\/index.php\/caracteristiques\/#primaryimage","url":"https:\/\/ensirode.fr\/wp-content\/uploads\/2024\/05\/IMG-Ensirode-1.jpg","contentUrl":"https:\/\/ensirode.fr\/wp-content\/uploads\/2024\/05\/IMG-Ensirode-1.jpg","width":1000,"height":750},{"@type":"BreadcrumbList","@id":"https:\/\/ensirode.fr\/index.php\/caracteristiques\/#breadcrumb","itemListElement":[{"@type":"ListItem","position":1,"name":"Accueil","item":"https:\/\/ensirode.fr\/"},{"@type":"ListItem","position":2,"name":"Caract\u00e9ristiques Techniques"}]},{"@type":"WebSite","@id":"https:\/\/ensirode.fr\/#website","url":"https:\/\/ensirode.fr\/","name":"ENSIRODE","description":"Pour la protection des cultures sous serres chauff\u00e9es","potentialAction":[{"@type":"SearchAction","target":{"@type":"EntryPoint","urlTemplate":"https:\/\/ensirode.fr\/?s={search_term_string}"},"query-input":"required name=search_term_string"}],"inLanguage":"fr-FR"}]}},"_links":{"self":[{"href":"https:\/\/ensirode.fr\/index.php\/wp-json\/wp\/v2\/pages\/345","targetHints":{"allow":["GET"]}}],"collection":[{"href":"https:\/\/ensirode.fr\/index.php\/wp-json\/wp\/v2\/pages"}],"about":[{"href":"https:\/\/ensirode.fr\/index.php\/wp-json\/wp\/v2\/types\/page"}],"author":[{"embeddable":true,"href":"https:\/\/ensirode.fr\/index.php\/wp-json\/wp\/v2\/users\/1"}],"replies":[{"embeddable":true,"href":"https:\/\/ensirode.fr\/index.php\/wp-json\/wp\/v2\/comments?post=345"}],"version-history":[{"count":75,"href":"https:\/\/ensirode.fr\/index.php\/wp-json\/wp\/v2\/pages\/345\/revisions"}],"predecessor-version":[{"id":796,"href":"https:\/\/ensirode.fr\/index.php\/wp-json\/wp\/v2\/pages\/345\/revisions\/796"}],"wp:attachment":[{"href":"https:\/\/ensirode.fr\/index.php\/wp-json\/wp\/v2\/media?parent=345"}],"curies":[{"name":"wp","href":"https:\/\/api.w.org\/{rel}","templated":true}]}}